{"id":281,"date":"2019-08-01T09:36:28","date_gmt":"2019-08-01T09:36:28","guid":{"rendered":"http:\/\/www.marisohvimiettinen.com\/?page_id=281"},"modified":"2026-01-31T18:14:11","modified_gmt":"2026-01-31T18:14:11","slug":"architecture-projects","status":"publish","type":"page","link":"http:\/\/www.marisohvimiettinen.com\/?page_id=281","title":{"rendered":"Arkkitehtistudio Patio"},"content":{"rendered":"\n<figure class=\"wp-block-image size-large\"><a href=\"http:\/\/www.marisohvimiettinen.com\/wp-content\/uploads\/2026\/01\/IMG_4574-scaled.jpg\"><img loading=\"lazy\" width=\"1024\" height=\"768\" src=\"http:\/\/www.marisohvimiettinen.com\/wp-content\/uploads\/2026\/01\/IMG_4574-1024x768.jpg\" alt=\"\" class=\"wp-image-402\" srcset=\"http:\/\/www.marisohvimiettinen.com\/wp-content\/uploads\/2026\/01\/IMG_4574-1024x768.jpg 1024w, http:\/\/www.marisohvimiettinen.com\/wp-content\/uploads\/2026\/01\/IMG_4574-300x225.jpg 300w, http:\/\/www.marisohvimiettinen.com\/wp-content\/uploads\/2026\/01\/IMG_4574-768x576.jpg 768w, http:\/\/www.marisohvimiettinen.com\/wp-content\/uploads\/2026\/01\/IMG_4574-1536x1152.jpg 1536w, http:\/\/www.marisohvimiettinen.com\/wp-content\/uploads\/2026\/01\/IMG_4574-2048x1536.jpg 2048w\" sizes=\"(max-width: 767px) 89vw, (max-width: 1000px) 54vw, (max-width: 1071px) 543px, 580px\" \/><\/a><figcaption>M\u00f6kki Tyrskykallio: Tyrskyhuone<\/figcaption><\/figure>\n\n\n\n<p>Tervetuloa arkkitehdin patiolle!<\/p>\n\n\n\n<p>Pientaloihin ja vapaa-ajan asuntoihin keskittynyt Arkkitehtistudio Patio aloitti toimintansa kes\u00e4ll\u00e4 2021.<\/p>\n\n\n\n<p><strong>Projektit<\/strong><\/p>\n\n\n\n<p>2024\u00a0\u00a0\u00a0\u00a0\u00a0\u00a0\u00a0\u00a0\u00a0\u00a0\u00a0\u00a0\u00a0\u00a0Kes\u00e4m\u00f6kki Tyrskykallio. P\u00e4\u00e4rakennus, vierasmaja ja saunam\u00f6kki. Arkkitehti- ja p\u00e4\u00e4suunnittelu. Porvoon saaristo.<\/p>\n\n\n\n<p>2023\u00a0\u00a0\u00a0\u00a0\u00a0\u00a0\u00a0\u00a0\u00a0\u00a0\u00a0\u00a0\u00a0\u00a0Talo Leppikaija. Omakotitalo. Arkkitehti- ja p\u00e4\u00e4suunnittelu. Lemp\u00e4\u00e4l\u00e4.<\/p>\n\n\n\n<p>2022\u00a0\u00a0\u00a0\u00a0\u00a0\u00a0\u00a0\u00a0\u00a0\u00a0\u00a0\u00a0\u00a0\u00a0Talo Kurjenpolvi. Omakotitalo. Arkkitehti- ja p\u00e4\u00e4suunnittelu. Pukkila.<\/p>\n\n\n\n<figure class=\"wp-block-image size-large\"><a href=\"http:\/\/www.marisohvimiettinen.com\/wp-content\/uploads\/2026\/01\/IMG_4621-scaled.jpg\"><img loading=\"lazy\" width=\"768\" height=\"1024\" src=\"http:\/\/www.marisohvimiettinen.com\/wp-content\/uploads\/2026\/01\/IMG_4621-768x1024.jpg\" alt=\"\" class=\"wp-image-403\" srcset=\"http:\/\/www.marisohvimiettinen.com\/wp-content\/uploads\/2026\/01\/IMG_4621-768x1024.jpg 768w, http:\/\/www.marisohvimiettinen.com\/wp-content\/uploads\/2026\/01\/IMG_4621-225x300.jpg 225w, http:\/\/www.marisohvimiettinen.com\/wp-content\/uploads\/2026\/01\/IMG_4621-1152x1536.jpg 1152w, http:\/\/www.marisohvimiettinen.com\/wp-content\/uploads\/2026\/01\/IMG_4621-1536x2048.jpg 1536w, http:\/\/www.marisohvimiettinen.com\/wp-content\/uploads\/2026\/01\/IMG_4621-scaled.jpg 1920w\" sizes=\"(max-width: 767px) 89vw, (max-width: 1000px) 54vw, (max-width: 1071px) 543px, 580px\" \/><\/a><figcaption>M\u00f6kki Tyrskykallio: olohuone.<\/figcaption><\/figure>\n\n\n\n<figure class=\"wp-block-image size-large\"><a href=\"http:\/\/www.marisohvimiettinen.com\/wp-content\/uploads\/2026\/01\/IMG_4645-scaled.jpg\"><img loading=\"lazy\" width=\"768\" height=\"1024\" src=\"http:\/\/www.marisohvimiettinen.com\/wp-content\/uploads\/2026\/01\/IMG_4645-768x1024.jpg\" alt=\"\" class=\"wp-image-404\" srcset=\"http:\/\/www.marisohvimiettinen.com\/wp-content\/uploads\/2026\/01\/IMG_4645-768x1024.jpg 768w, http:\/\/www.marisohvimiettinen.com\/wp-content\/uploads\/2026\/01\/IMG_4645-225x300.jpg 225w, http:\/\/www.marisohvimiettinen.com\/wp-content\/uploads\/2026\/01\/IMG_4645-1152x1536.jpg 1152w, http:\/\/www.marisohvimiettinen.com\/wp-content\/uploads\/2026\/01\/IMG_4645-1536x2048.jpg 1536w, http:\/\/www.marisohvimiettinen.com\/wp-content\/uploads\/2026\/01\/IMG_4645-scaled.jpg 1920w\" sizes=\"(max-width: 767px) 89vw, (max-width: 1000px) 54vw, (max-width: 1071px) 543px, 580px\" \/><\/a><figcaption>M\u00f6kki Tyrskykallio puiden katveessa.<\/figcaption><\/figure>\n\n\n\n<figure class=\"wp-block-image size-large\"><a href=\"http:\/\/www.marisohvimiettinen.com\/wp-content\/uploads\/2026\/01\/IMG_4632-scaled.jpg\"><img loading=\"lazy\" width=\"768\" height=\"1024\" src=\"http:\/\/www.marisohvimiettinen.com\/wp-content\/uploads\/2026\/01\/IMG_4632-768x1024.jpg\" alt=\"\" class=\"wp-image-405\" srcset=\"http:\/\/www.marisohvimiettinen.com\/wp-content\/uploads\/2026\/01\/IMG_4632-768x1024.jpg 768w, http:\/\/www.marisohvimiettinen.com\/wp-content\/uploads\/2026\/01\/IMG_4632-225x300.jpg 225w, http:\/\/www.marisohvimiettinen.com\/wp-content\/uploads\/2026\/01\/IMG_4632-1152x1536.jpg 1152w, http:\/\/www.marisohvimiettinen.com\/wp-content\/uploads\/2026\/01\/IMG_4632-1536x2048.jpg 1536w, http:\/\/www.marisohvimiettinen.com\/wp-content\/uploads\/2026\/01\/IMG_4632-scaled.jpg 1920w\" sizes=\"(max-width: 767px) 89vw, (max-width: 1000px) 54vw, (max-width: 1071px) 543px, 580px\" \/><\/a><figcaption>Tyrskykallion sauna.<\/figcaption><\/figure>\n\n\n\n<p><\/p>\n","protected":false},"excerpt":{"rendered":"<p>Tervetuloa arkkitehdin patiolle! Pientaloihin ja vapaa-ajan asuntoihin keskittynyt Arkkitehtistudio Patio aloitti toimintansa kes\u00e4ll\u00e4 2021. Projektit 2024\u00a0\u00a0\u00a0\u00a0\u00a0\u00a0\u00a0\u00a0\u00a0\u00a0\u00a0\u00a0\u00a0\u00a0Kes\u00e4m\u00f6kki Tyrskykallio. P\u00e4\u00e4rakennus, vierasmaja ja saunam\u00f6kki. Arkkitehti- ja p\u00e4\u00e4suunnittelu. Porvoon saaristo. 2023\u00a0\u00a0\u00a0\u00a0\u00a0\u00a0\u00a0\u00a0\u00a0\u00a0\u00a0\u00a0\u00a0\u00a0Talo Leppikaija. Omakotitalo. Arkkitehti- ja p\u00e4\u00e4suunnittelu. Lemp\u00e4\u00e4l\u00e4. 2022\u00a0\u00a0\u00a0\u00a0\u00a0\u00a0\u00a0\u00a0\u00a0\u00a0\u00a0\u00a0\u00a0\u00a0Talo Kurjenpolvi. Omakotitalo. Arkkitehti- ja p\u00e4\u00e4suunnittelu. Pukkila.<\/p>\n","protected":false},"author":1,"featured_media":0,"parent":0,"menu_order":0,"comment_status":"closed","ping_status":"closed","template":"","meta":[],"_links":{"self":[{"href":"http:\/\/www.marisohvimiettinen.com\/index.php?rest_route=\/wp\/v2\/pages\/281"}],"collection":[{"href":"http:\/\/www.marisohvimiettinen.com\/index.php?rest_route=\/wp\/v2\/pages"}],"about":[{"href":"http:\/\/www.marisohvimiettinen.com\/index.php?rest_route=\/wp\/v2\/types\/page"}],"author":[{"embeddable":true,"href":"http:\/\/www.marisohvimiettinen.com\/index.php?rest_route=\/wp\/v2\/users\/1"}],"replies":[{"embeddable":true,"href":"http:\/\/www.marisohvimiettinen.com\/index.php?rest_route=%2Fwp%2Fv2%2Fcomments&post=281"}],"version-history":[{"count":5,"href":"http:\/\/www.marisohvimiettinen.com\/index.php?rest_route=\/wp\/v2\/pages\/281\/revisions"}],"predecessor-version":[{"id":406,"href":"http:\/\/www.marisohvimiettinen.com\/index.php?rest_route=\/wp\/v2\/pages\/281\/revisions\/406"}],"wp:attachment":[{"href":"http:\/\/www.marisohvimiettinen.com\/index.php?rest_route=%2Fwp%2Fv2%2Fmedia&parent=281"}],"curies":[{"name":"wp","href":"https:\/\/api.w.org\/{rel}","templated":true}]}}